{"id":2,"date":"2021-01-06T17:11:57","date_gmt":"2021-01-06T17:11:57","guid":{"rendered":"https:\/\/cedecon.ec\/es\/?page_id=2"},"modified":"2023-02-15T17:28:49","modified_gmt":"2023-02-15T22:28:49","slug":"inicio","status":"publish","type":"page","link":"https:\/\/cedecon.ec\/es\/","title":{"rendered":"Inicio"},"content":{"rendered":"<p>[et_pb_section fb_built=\u00bb1&#8243; fullwidth=\u00bbon\u00bb _builder_version=\u00bb3.0.101&#8243;][et_pb_fullwidth_code _builder_version=\u00bb3.0.101&#8243; background_color=\u00bb#006fb2&#8243;]<!-- MetaSlider &quot;37&quot; not found -->[\/et_pb_fullwidth_code][\/et_pb_section][et_pb_section fb_built=\u00bb1&#8243; fullwidth=\u00bbon\u00bb _builder_version=\u00bb3.0.101&#8243; custom_padding=\u00bb0px|0px|0px|0px\u00bb bottom_divider_style=\u00bbcurve2&#8243; bottom_divider_color=\u00bb#783892&#8243;][et_pb_fullwidth_header title=\u00bbCERTIFICACIONES AVALADAS POR:\u00bb background_layout=\u00bbdark\u00bb text_orientation=\u00bbcenter\u00bb _builder_version=\u00bb3.0.101&#8243; title_font=\u00bb|700|||||||\u00bb title_font_size=\u00bb31px\u00bb content_font=\u00bb||||||||\u00bb background_color=\u00bb#006fb2&#8243; text_shadow_style=\u00bbpreset1&#8243;][\/et_pb_fullwidth_header][\/et_pb_section][et_pb_section fb_built=\u00bb1&#8243; fullwidth=\u00bbon\u00bb _builder_version=\u00bb3.0.101&#8243; top_divider_style=\u00bbarrow3&#8243; top_divider_color=\u00bb#783892&#8243;][et_pb_fullwidth_header _builder_version=\u00bb3.0.101&#8243;][\/et_pb_fullwidth_header][\/et_pb_section][et_pb_section fb_built=\u00bb1&#8243; fullwidth=\u00bbon\u00bb _builder_version=\u00bb3.0.101&#8243;][et_pb_fullwidth_image src=\u00bbhttps:\/\/cedecon.ec\/es\/wp-content\/uploads\/2023\/02\/Membresias-CEDECON-1.png\u00bb _builder_version=\u00bb3.0.101&#8243;][\/et_pb_fullwidth_image][\/et_pb_section][et_pb_section fb_built=\u00bb1&#8243; fullwidth=\u00bbon\u00bb _builder_version=\u00bb3.0.101&#8243; custom_padding=\u00bb0px|0px|0px|0px\u00bb bottom_divider_style=\u00bbcurve2&#8243; bottom_divider_color=\u00bb#783892&#8243;][et_pb_fullwidth_header title=\u00bbCENTRO DE EDUCACI\u00d3N CONTINUA EN NEGOCIOS\u00bb background_layout=\u00bbdark\u00bb text_orientation=\u00bbcenter\u00bb _builder_version=\u00bb3.0.101&#8243; title_font=\u00bb|700|||||||\u00bb title_font_size=\u00bb31px\u00bb content_font=\u00bb||||||||\u00bb background_color=\u00bb#ebba58&#8243; text_shadow_style=\u00bbpreset1&#8243;][\/et_pb_fullwidth_header][\/et_pb_section][et_pb_section fb_built=\u00bb1&#8243; fullwidth=\u00bbon\u00bb _builder_version=\u00bb3.0.101&#8243; custom_padding=\u00bb0px|0px|0px|0px\u00bb top_divider_style=\u00bbarrow3&#8243; top_divider_color=\u00bb#783892&#8243;][et_pb_fullwidth_header title=\u00bbFORMADOR DE FORMADORES\u00bb subhead=\u00bbOn-Line\u00bb background_layout=\u00bbdark\u00bb header_fullscreen=\u00bbon\u00bb button_one_text=\u00bbVer Informaci\u00f3n completa\u00bb button_one_url=\u00bbhttps:\/\/cedecon.ec\/es\/2022\/09\/20\/formador-de-formadores\/\u00bb content_orientation=\u00bbbottom\u00bb _builder_version=\u00bb3.0.101&#8243; title_font=\u00bb|700|||||||\u00bb title_font_size=\u00bb36px\u00bb title_text_shadow_style=\u00bbpreset1&#8243; title_text_shadow_color=\u00bb#000000&#8243; content_font=\u00bb||||||||\u00bb content_font_size=\u00bb20px\u00bb subhead_font=\u00bb||||||||\u00bb subhead_font_size=\u00bb30px\u00bb subhead_text_shadow_style=\u00bbpreset1&#8243; subhead_text_shadow_color=\u00bb#000000&#8243; background_image=\u00bbhttps:\/\/cedecon.ec\/es\/wp-content\/uploads\/2021\/01\/training-5069846_1920-Copy.jpg\u00bb parallax=\u00bbon\u00bb custom_button_one=\u00bbon\u00bb button_one_text_size=\u00bb18px\u00bb button_one_text_color=\u00bb#ffffff\u00bb button_one_bg_color=\u00bb#006fb2&#8243; button_one_border_width=\u00bb0px\u00bb button_one_border_radius=\u00bb7px\u00bb button_one_font=\u00bb||||||||\u00bb button_one_icon=\u00bb%%65%%\u00bb button_one_bg_color_hover=\u00bb#ebba58&#8243;][\/et_pb_fullwidth_header][\/et_pb_section][et_pb_section fb_built=\u00bb1&#8243; _builder_version=\u00bb3.0.101&#8243; custom_padding=\u00bb0px|0px|0px|0px\u00bb][et_pb_row _builder_version=\u00bb3.0.101&#8243;][et_pb_column type=\u00bb4_4&#8243; _builder_version=\u00bb3.0.101&#8243; parallax=\u00bboff\u00bb parallax_method=\u00bbon\u00bb][et_pb_text _builder_version=\u00bb3.0.101&#8243;]<\/p>\n<p style=\"text-align: center;\"><a href=\"https:\/\/www.facebook.com\/cedecon.ecuador\" target=\"_blank\" rel=\"noopener noreferrer\"><img loading=\"lazy\" decoding=\"async\" src=\"wp-content\/uploads\/2021\/01\/icons8-facebook-48.png\" alt=\"\" class=\"wp-image-226 alignnone size-full\" width=\"48\" height=\"48\" \/><\/a> <a href=\"https:\/\/www.instagram.com\/cedecon_ec\/\" target=\"_blank\" rel=\"noopener noreferrer\"><img loading=\"lazy\" decoding=\"async\" src=\"wp-content\/uploads\/2021\/01\/icons8-instagram-4999.png\" alt=\"\" class=\"wp-image-232 alignnone size-full\" width=\"48\" height=\"48\" \/><\/a> <a href=\"https:\/\/www.linked.com\" target=\"_blank\" rel=\"noopener noreferrer\"><img loading=\"lazy\" decoding=\"async\" src=\"wp-content\/uploads\/2021\/01\/icons8-linkedin-48.png\" alt=\"\" class=\"wp-image-228 alignnone size-full\" width=\"48\" height=\"48\" \/><\/a>\u00a0 <a href=\"https:\/\/m.youtube.com\/channel\/UC-T-cXXMNGYfyilt9yrWpTw\/videos\" target=\"_blank\" rel=\"noopener noreferrer\"><img loading=\"lazy\" decoding=\"async\" src=\"wp-content\/uploads\/2021\/01\/icons8-youtube-48.png\" alt=\"\" class=\"wp-image-230 alignnone size-full\" width=\"48\" height=\"48\" \/><\/a>\u00a0 <a href=\"https:\/\/wa.me\/0998075165?text=Me%20interesa%20m\u00e1s%20informaci\u00f3n\" target=\"_blank\" rel=\"noopener noreferrer\"><img loading=\"lazy\" decoding=\"async\" src=\"wp-content\/uploads\/2021\/01\/icons8-whatsapp-48.png\" alt=\"\" class=\"wp-image-229 alignnone size-full\" width=\"48\" height=\"48\" \/><\/a><\/p>\n<p>[\/et_pb_text][\/et_pb_column][\/et_pb_row][\/et_pb_section][et_pb_section fb_built=\u00bb1&#8243; background_color=\u00bb#006fb2&#8243; _builder_version=\u00bb3.0.101&#8243; custom_padding=\u00bb38px|0px|0px|0px\u00bb][et_pb_row custom_padding=\u00bb0px|0px|27px|0px\u00bb _builder_version=\u00bb3.0.101&#8243;][et_pb_column type=\u00bb4_4&#8243; _builder_version=\u00bb3.0.101&#8243; parallax=\u00bboff\u00bb parallax_method=\u00bbon\u00bb][et_pb_text _builder_version=\u00bb3.0.101&#8243;]<\/p>\n<h2 style=\"text-align: center;\"><span style=\"color: #ffffff;\">Nuestros Clientes<\/span><\/h2>\n<p>[\/et_pb_text][\/et_pb_column][\/et_pb_row][\/et_pb_section][et_pb_section fb_built=\u00bb1&#8243; background_color=\u00bb#006fb2&#8243; _builder_version=\u00bb3.0.101&#8243; custom_padding=\u00bb5px|0px|0px|0px\u00bb][et_pb_row _builder_version=\u00bb3.0.101&#8243;][et_pb_column type=\u00bb1_3&#8243; _builder_version=\u00bb3.0.101&#8243; parallax=\u00bboff\u00bb parallax_method=\u00bbon\u00bb][et_pb_text _builder_version=\u00bb3.0.101&#8243;]<\/p>\n<p style=\"text-align: center;\"><img loading=\"lazy\" decoding=\"async\" src=\"https:\/\/cedecon.ec\/es\/wp-content\/uploads\/2021\/01\/cliente1-150x150.png\" alt=\"\" class=\"wp-image-110 aligncenter size-thumbnail\" width=\"150\" height=\"150\" srcset=\"https:\/\/cedecon.ec\/es\/wp-content\/uploads\/2021\/01\/cliente1-150x150.png 150w, https:\/\/cedecon.ec\/es\/wp-content\/uploads\/2021\/01\/cliente1.png 240w\" sizes=\"auto, (max-width: 150px) 100vw, 150px\" \/><\/p>\n<p>[\/et_pb_text][et_pb_image _builder_version=\u00bb3.0.101&#8243;][\/et_pb_image][\/et_pb_column][et_pb_column type=\u00bb1_3&#8243; _builder_version=\u00bb3.0.101&#8243; parallax=\u00bboff\u00bb parallax_method=\u00bbon\u00bb][et_pb_text _builder_version=\u00bb3.0.101&#8243;]<\/p>\n<p style=\"text-align: center;\"><img loading=\"lazy\" decoding=\"async\" src=\"https:\/\/cedecon.ec\/es\/wp-content\/uploads\/2021\/01\/cliente3-150x150.png\" alt=\"\" class=\"wp-image-112 aligncenter size-thumbnail\" width=\"150\" height=\"150\" srcset=\"https:\/\/cedecon.ec\/es\/wp-content\/uploads\/2021\/01\/cliente3-150x150.png 150w, https:\/\/cedecon.ec\/es\/wp-content\/uploads\/2021\/01\/cliente3.png 153w\" sizes=\"auto, (max-width: 150px) 100vw, 150px\" \/><\/p>\n<p>[\/et_pb_text][\/et_pb_column][et_pb_column type=\u00bb1_3&#8243; _builder_version=\u00bb3.0.101&#8243; parallax=\u00bboff\u00bb parallax_method=\u00bbon\u00bb][et_pb_text _builder_version=\u00bb3.0.101&#8243;]<\/p>\n<p><img loading=\"lazy\" decoding=\"async\" src=\"https:\/\/cedecon.ec\/es\/wp-content\/uploads\/2021\/01\/cliente2-150x150.png\" alt=\"\" class=\"wp-image-111 aligncenter size-thumbnail\" width=\"150\" height=\"150\" srcset=\"https:\/\/cedecon.ec\/es\/wp-content\/uploads\/2021\/01\/cliente2-150x150.png 150w, https:\/\/cedecon.ec\/es\/wp-content\/uploads\/2021\/01\/cliente2.png 240w\" sizes=\"auto, (max-width: 150px) 100vw, 150px\" \/><\/p>\n<p>[\/et_pb_text][\/et_pb_column][\/et_pb_row][et_pb_row custom_padding=\u00bb27px|0px|48px|0px\u00bb _builder_version=\u00bb3.0.101&#8243;][et_pb_column type=\u00bb1_3&#8243; _builder_version=\u00bb3.0.101&#8243; parallax=\u00bboff\u00bb parallax_method=\u00bbon\u00bb][et_pb_text _builder_version=\u00bb3.0.101&#8243;]<\/p>\n<p><em><span style=\"color: #ffffff;\">\u00abEl haber participado en los cursos de FORMACI\u00d3N DE FORMADORES y METODOLOG\u00cdAS ACTIVAS PARA EL APRENDIZAJE, me ayud\u00f3 a desarrollar habilidades para la docencia y la capacitaci\u00f3n independiente y adem\u00e1s sus certificados est\u00e1n acreditados por el Ministerio del Trabajo y te permiten obtener excelentes resultados en las Fases de M\u00e9ritos en postulaciones en Instuciones de Educaci\u00f3n Superior. Gracias por el compromiso hacia sus estudiantes. \u00ab<\/span><\/em><\/p>\n<p><em><span style=\"color: #ffffff;\"><\/span><\/em><\/p>\n<p style=\"text-align: right;\"><span color=\"#ffffff\" style=\"color: #ffffff;\"><b><i>Catherine Brush<\/i><\/b><\/span><\/p>\n<p>[\/et_pb_text][\/et_pb_column][et_pb_column type=\u00bb1_3&#8243; _builder_version=\u00bb3.0.101&#8243; parallax=\u00bboff\u00bb parallax_method=\u00bbon\u00bb][et_pb_text _builder_version=\u00bb3.0.101&#8243;]<\/p>\n<p><em><span style=\"color: #ffffff;\">\u00abMe encant\u00f3 el curso de Formaci\u00f3n de Formadores, cumpli\u00f3 mis expectativas.\u00bb<\/span><\/em><\/p>\n<p><em><span style=\"color: #ffffff;\"><\/span><\/em><\/p>\n<p style=\"text-align: right;\"><span color=\"#ffffff\" style=\"color: #ffffff;\"><b><i>Pablo Gallardo<\/i><\/b><\/span><\/p>\n<p>[\/et_pb_text][\/et_pb_column][et_pb_column type=\u00bb1_3&#8243; _builder_version=\u00bb3.0.101&#8243; parallax=\u00bboff\u00bb parallax_method=\u00bbon\u00bb][et_pb_text _builder_version=\u00bb3.0.101&#8243;]<\/p>\n<p><em><span style=\"color: #ffffff;\">\u00abEl asesoramiento es muy bueno, s\u00faper recomendado para todas las personas que desean crecer profesionalmente. Me encant\u00f3.\u00bb<\/span><\/em><\/p>\n<p><em><span style=\"color: #ffffff;\"><\/span><\/em><\/p>\n<p style=\"text-align: right;\"><strong><em><span style=\"color: #ffffff;\"><span>Carolina Tamayo<\/span><\/span><\/em><\/strong><\/p>\n<p>[\/et_pb_text][\/et_pb_column][\/et_pb_row][\/et_pb_section][et_pb_section fb_built=\u00bb1&#8243; fullwidth=\u00bbon\u00bb prev_background_color=\u00bb#006fb2&#8243; _builder_version=\u00bb3.0.101&#8243; custom_padding=\u00bb0px|0px|0px|0px\u00bb top_divider_style=\u00bbwave\u00bb][et_pb_fullwidth_header title=\u00bbAsesor\u00edas y Consultor\u00edas\u00bb background_layout=\u00bbdark\u00bb text_orientation=\u00bbright\u00bb header_fullscreen=\u00bbon\u00bb button_one_text=\u00bbVer Informaci\u00f3n Completa\u00bb _builder_version=\u00bb3.0.101&#8243; title_font=\u00bb|700|||||||\u00bb title_text_align=\u00bbright\u00bb title_font_size=\u00bb40px\u00bb title_text_shadow_style=\u00bbpreset1&#8243; title_text_shadow_color=\u00bb#000000&#8243; background_image=\u00bbhttps:\/\/cedecon.ec\/es\/wp-content\/uploads\/2021\/01\/consulting-3031678_1920.jpg\u00bb parallax=\u00bbon\u00bb custom_button_one=\u00bbon\u00bb button_one_text_size=\u00bb18px\u00bb button_one_text_color=\u00bb#ffffff\u00bb button_one_bg_color=\u00bb#ebba58&#8243; button_one_border_width=\u00bb0px\u00bb button_one_font=\u00bb||||||||\u00bb button_one_icon=\u00bb%%71%%\u00bb button_one_bg_color_hover=\u00bb#006fb2&#8243; text_shadow_style=\u00bbpreset1&#8243;][\/et_pb_fullwidth_header][\/et_pb_section][et_pb_section fb_built=\u00bb1&#8243; fullwidth=\u00bbon\u00bb _builder_version=\u00bb3.0.101&#8243;][\/et_pb_section][et_pb_section fb_built=\u00bb1&#8243; background_color=\u00bb#006fb2&#8243; _builder_version=\u00bb3.0.101&#8243;][et_pb_row _builder_version=\u00bb3.0.101&#8243;][et_pb_column type=\u00bb1_2&#8243; _builder_version=\u00bb3.0.101&#8243; parallax=\u00bboff\u00bb parallax_method=\u00bbon\u00bb][et_pb_blurb icon_placement=\u00bbleft\u00bb background_layout=\u00bbdark\u00bb box_shadow_style_image=\u00bbpreset1&#8243; _builder_version=\u00bb3.0.101&#8243;]<\/p>\n<h3 style=\"text-align: center;\">Informaci\u00f3n de Contacto<\/h3>\n<ul>\n<li>info@cedecon.ec<\/li>\n<li>ventas@cedecon.ec<\/li>\n<li>certificados@cedecon.ec<\/li>\n<li>cedecon.ecuador@gmail.com<\/li>\n<li>098 400 6466<\/li>\n<li>097 900 0048<\/li>\n<li>099 250 4205<\/li>\n<\/ul>\n<p>[\/et_pb_blurb][\/et_pb_column][et_pb_column type=\u00bb1_2&#8243; _builder_version=\u00bb3.0.101&#8243; parallax=\u00bboff\u00bb parallax_method=\u00bbon\u00bb][et_pb_contact_form captcha=\u00bboff\u00bb email=\u00bbinfo@cedecon.ec\u00bb custom_message=\u00bbMensaje enviado desde el formulario de contacto de la web: cedecon.ec||et_pb_line_break_holder||||et_pb_line_break_holder||Nombre: %%Name%%||et_pb_line_break_holder||||et_pb_line_break_holder||Email: %%Email%%||et_pb_line_break_holder||||et_pb_line_break_holder||Celular: %%celular%%||et_pb_line_break_holder||||et_pb_line_break_holder||Mensaje: %%Message%%\u00bb success_message=\u00bbSu informaci\u00f3nse enviado, muy pronto nos comunicaremos\u00bb submit_button_text=\u00bbEnviar\u00bb module_id=\u00bbet_pb_contact_form_0&#8243; _builder_version=\u00bb3.0.101&#8243; title_font=\u00bb||||||||\u00bb title_font_size=\u00bb24px\u00bb title_text_color=\u00bb#ffffff\u00bb form_field_font=\u00bb||||||||\u00bb text_orientation=\u00bbleft\u00bb custom_button=\u00bbon\u00bb button_text_size=\u00bb18px\u00bb button_text_color=\u00bb#222222&#8243; button_bg_color=\u00bb#ffffff\u00bb button_border_width=\u00bb0px\u00bb button_font=\u00bb||||||||\u00bb button_use_icon=\u00bboff\u00bb button_text_color_hover=\u00bb#ffffff\u00bb button_bg_color_hover=\u00bb#783892&#8243;][et_pb_contact_field field_id=\u00bbName\u00bb field_title=\u00bbNombre\u00bb field_background_color=\u00bb#ffffff\u00bb _builder_version=\u00bb3.0.101&#8243; form_field_font=\u00bb||||||||\u00bb border_radii=\u00bbon||||\u00bb][\/et_pb_contact_field][et_pb_contact_field field_id=\u00bbcelular\u00bb field_title=\u00bbCelular\u00bb required_mark=\u00bboff\u00bb field_background_color=\u00bb#ffffff\u00bb _builder_version=\u00bb3.0.101&#8243; form_field_font=\u00bb||||||||\u00bb][\/et_pb_contact_field][et_pb_contact_field field_id=\u00bbEmail\u00bb field_title=\u00bbDirecci\u00f3n de correo electr\u00f3nico\u00bb field_type=\u00bbemail\u00bb fullwidth_field=\u00bbon\u00bb field_background_color=\u00bb#ffffff\u00bb _builder_version=\u00bb3.0.101&#8243; form_field_font=\u00bb||||||||\u00bb border_radii=\u00bbon||||\u00bb][\/et_pb_contact_field][et_pb_contact_field field_id=\u00bbMessage\u00bb field_title=\u00bbMensaje\u00bb field_type=\u00bbtext\u00bb fullwidth_field=\u00bbon\u00bb field_background_color=\u00bb#ffffff\u00bb _builder_version=\u00bb3.0.101&#8243; form_field_font=\u00bb||||||||\u00bb border_radii=\u00bbon||||\u00bb][\/et_pb_contact_field][\/et_pb_contact_form][\/et_pb_column][\/et_pb_row][\/et_pb_section]<\/p>\n","protected":false},"excerpt":{"rendered":"<p>[et_pb_section fb_built=\u00bb1&#8243; fullwidth=\u00bbon\u00bb _builder_version=\u00bb3.0.101&#8243;][et_pb_fullwidth_code _builder_version=\u00bb3.0.101&#8243; background_color=\u00bb#006fb2&#8243;][\/et_pb_fullwidth_code][\/et_pb_section][et_pb_section fb_built=\u00bb1&#8243; fullwidth=\u00bbon\u00bb _builder_version=\u00bb3.0.101&#8243; custom_padding=\u00bb0px|0px|0px|0px\u00bb bottom_divider_style=\u00bbcurve2&#8243; bottom_divider_color=\u00bb#783892&#8243;][et_pb_fullwidth_header title=\u00bbCERTIFICACIONES AVALADAS POR:\u00bb background_layout=\u00bbdark\u00bb text_orientation=\u00bbcenter\u00bb _builder_version=\u00bb3.0.101&#8243; title_font=\u00bb|700|||||||\u00bb title_font_size=\u00bb31px\u00bb content_font=\u00bb||||||||\u00bb background_color=\u00bb#006fb2&#8243; text_shadow_style=\u00bbpreset1&#8243;][\/et_pb_fullwidth_header][\/et_pb_section][et_pb_section fb_built=\u00bb1&#8243; fullwidth=\u00bbon\u00bb _builder_version=\u00bb3.0.101&#8243; top_divider_style=\u00bbarrow3&#8243; top_divider_color=\u00bb#783892&#8243;][et_pb_fullwidth_header _builder_version=\u00bb3.0.101&#8243;][\/et_pb_fullwidth_header][\/et_pb_section][et_pb_section fb_built=\u00bb1&#8243; fullwidth=\u00bbon\u00bb _builder_version=\u00bb3.0.101&#8243;][et_pb_fullwidth_image src=\u00bbhttps:\/\/cedecon.ec\/es\/wp-content\/uploads\/2023\/02\/Membresias-CEDECON-1.png\u00bb _builder_version=\u00bb3.0.101&#8243;][\/et_pb_fullwidth_image][\/et_pb_section][et_pb_section fb_built=\u00bb1&#8243; fullwidth=\u00bbon\u00bb _builder_version=\u00bb3.0.101&#8243; custom_padding=\u00bb0px|0px|0px|0px\u00bb bottom_divider_style=\u00bbcurve2&#8243; bottom_divider_color=\u00bb#783892&#8243;][et_pb_fullwidth_header title=\u00bbCENTRO DE EDUCACI\u00d3N CONTINUA EN NEGOCIOS\u00bb background_layout=\u00bbdark\u00bb text_orientation=\u00bbcenter\u00bb _builder_version=\u00bb3.0.101&#8243; title_font=\u00bb|700|||||||\u00bb title_font_size=\u00bb31px\u00bb content_font=\u00bb||||||||\u00bb background_color=\u00bb#ebba58&#8243; text_shadow_style=\u00bbpreset1&#8243;][\/et_pb_fullwidth_header][\/et_pb_section][et_pb_section fb_built=\u00bb1&#8243; [&hellip;]<\/p>\n","protected":false},"author":1,"featured_media":0,"parent":0,"menu_order":0,"comment_status":"closed","ping_status":"closed","template":"","meta":{"footnotes":""},"class_list":["post-2","page","type-page","status-publish","hentry"],"_links":{"self":[{"href":"https:\/\/cedecon.ec\/es\/wp-json\/wp\/v2\/pages\/2","targetHints":{"allow":["GET"]}}],"collection":[{"href":"https:\/\/cedecon.ec\/es\/wp-json\/wp\/v2\/pages"}],"about":[{"href":"https:\/\/cedecon.ec\/es\/wp-json\/wp\/v2\/types\/page"}],"author":[{"embeddable":true,"href":"https:\/\/cedecon.ec\/es\/wp-json\/wp\/v2\/users\/1"}],"replies":[{"embeddable":true,"href":"https:\/\/cedecon.ec\/es\/wp-json\/wp\/v2\/comments?post=2"}],"version-history":[{"count":57,"href":"https:\/\/cedecon.ec\/es\/wp-json\/wp\/v2\/pages\/2\/revisions"}],"predecessor-version":[{"id":385,"href":"https:\/\/cedecon.ec\/es\/wp-json\/wp\/v2\/pages\/2\/revisions\/385"}],"wp:attachment":[{"href":"https:\/\/cedecon.ec\/es\/wp-json\/wp\/v2\/media?parent=2"}],"curies":[{"name":"wp","href":"https:\/\/api.w.org\/{rel}","templated":true}]}}