{"id":6,"date":"2021-01-11T17:05:23","date_gmt":"2021-01-11T17:05:23","guid":{"rendered":"https:\/\/cedecon.ec\/es\/?page_id=6"},"modified":"2023-07-23T17:18:07","modified_gmt":"2023-07-23T22:18:07","slug":"quienes-somos","status":"publish","type":"page","link":"https:\/\/cedecon.ec\/es\/quienes-somos\/","title":{"rendered":"Quienes somos"},"content":{"rendered":"<p>[et_pb_section fb_built=\u00bb1&#8243; fullwidth=\u00bbon\u00bb _builder_version=\u00bb3.0.101&#8243; bottom_divider_style=\u00bbramp2&#8243; bottom_divider_color=\u00bb#04f5ff\u00bb][et_pb_fullwidth_header header_fullscreen=\u00bbon\u00bb _builder_version=\u00bb3.0.101&#8243; title_font=\u00bb|600|||||||\u00bb title_text_align=\u00bbright\u00bb title_font_size=\u00bb40px\u00bb title_text_color=\u00bb#ffffff\u00bb title_text_shadow_style=\u00bbpreset1&#8243; background_image=\u00bbhttps:\/\/cedecon.ec\/es\/wp-content\/uploads\/2021\/01\/apple-1851464_1920.jpg\u00bb parallax=\u00bbon\u00bb][\/et_pb_fullwidth_header][\/et_pb_section][et_pb_section fb_built=\u00bb1&#8243; background_color=\u00bb#04f5ff\u00bb _builder_version=\u00bb3.0.101&#8243;][et_pb_row custom_padding=\u00bb0px|0px|0px|0px\u00bb _builder_version=\u00bb3.0.101&#8243;][et_pb_column type=\u00bb4_4&#8243; _builder_version=\u00bb3.0.101&#8243; parallax=\u00bboff\u00bb parallax_method=\u00bbon\u00bb][et_pb_text _builder_version=\u00bb3.0.101&#8243;]<\/p>\n<h1 style=\"text-align: center;\"><span style=\"color: #000000;\"><strong>\u00bfQuienes somos?<\/strong><\/span><\/h1>\n<p>[\/et_pb_text][\/et_pb_column][\/et_pb_row][\/et_pb_section][et_pb_section fb_built=\u00bb1&#8243; background_color=\u00bb#04f5ff\u00bb _builder_version=\u00bb3.0.101&#8243; custom_padding=\u00bb54px|0px|25px|0px\u00bb][et_pb_row _builder_version=\u00bb3.0.101&#8243;][et_pb_column type=\u00bb4_4&#8243; _builder_version=\u00bb3.0.101&#8243; parallax=\u00bboff\u00bb parallax_method=\u00bbon\u00bb][et_pb_text _builder_version=\u00bb3.0.101&#8243; text_font=\u00bb||||||||\u00bb text_text_color=\u00bb#000000&#8243; header_font=\u00bb||||||||\u00bb]<\/p>\n<h2 style=\"text-align: center;\"><strong>DESCRIPCI\u00d3N DE LA EMPRESA<\/strong><\/h2>\n<p><strong><\/strong><\/p>\n<p style=\"text-align: justify;\"><strong>CEDECON EC<\/strong> es una organizaci\u00f3n que tiene por objetivo brindar los servicios de consultor\u00edas, asesor\u00eda profesional, capacitaci\u00f3n continua y certificaci\u00f3n a profesionales a nivel nacional e internacional. Con altas normas de calidad, orientados a satisfacer las necesidades esenciales de actualizaci\u00f3n de conocimientos y cualificaci\u00f3n en competencias laborales o profesionales, en varias las \u00e1reas del conocimiento. A fin de mejorar el capital humano empresarial en los diversos sectores productivos. Cumpliendo los requisitos legales aplicables a nuestra l\u00ednea de acci\u00f3n.<\/p>\n<p>[\/et_pb_text][\/et_pb_column][\/et_pb_row][et_pb_row _builder_version=\u00bb3.0.101&#8243;][et_pb_column type=\u00bb4_4&#8243; _builder_version=\u00bb3.0.101&#8243; parallax=\u00bboff\u00bb parallax_method=\u00bbon\u00bb][et_pb_text _builder_version=\u00bb3.0.101&#8243;]<\/p>\n<h2 style=\"text-align: center;\"><strong>ACREDITACIONES<\/strong><\/h2>\n<p>[\/et_pb_text][\/et_pb_column][\/et_pb_row][et_pb_row _builder_version=\u00bb3.0.101&#8243;][et_pb_column type=\u00bb1_2&#8243; _builder_version=\u00bb3.0.101&#8243; parallax=\u00bboff\u00bb parallax_method=\u00bbon\u00bb][et_pb_text _builder_version=\u00bb3.0.101&#8243; text_font=\u00bb||||||||\u00bb text_text_color=\u00bb#000000&#8243;]<\/p>\n<p>A nivel Nacional avalados por el Ministerio del Trabajo, como Operador de Capacitaci\u00f3n mediante resoluci\u00f3n <strong>MDT-SCP-2022-0371.<\/strong> <br \/>Y como Organismo Evaluador de la Conformidad mediante resoluci\u00f3n <strong>MDT-SCP-2022-0432.<\/strong><\/p>\n<p>[\/et_pb_text][\/et_pb_column][et_pb_column type=\u00bb1_2&#8243; _builder_version=\u00bb3.0.101&#8243; parallax=\u00bboff\u00bb parallax_method=\u00bbon\u00bb][et_pb_text _builder_version=\u00bb3.0.101&#8243; text_font=\u00bb||||||||\u00bb text_text_color=\u00bb#000000&#8243;]<\/p>\n<p>A nivel Internacional somos parte de la red de socios de <strong>CERTIPROF LLC<\/strong>, como <strong>ATP (<\/strong><em>Accredited Trainer Partners<\/em><strong>)<\/strong> centro de formaci\u00f3n y facilitadores de ya que conforman nuestra red de socios.<\/p>\n<p>[\/et_pb_text][\/et_pb_column][\/et_pb_row][\/et_pb_section][et_pb_section fb_built=\u00bb1&#8243; _builder_version=\u00bb3.0.101&#8243; custom_padding=\u00bb0px|0px|35px|0px\u00bb background_color=\u00bb#04f5ff\u00bb bottom_divider_style=\u00bbarrow3&#8243; bottom_divider_color=\u00bb#783892&#8243;][et_pb_row custom_padding=\u00bb27px|0px|0px|0px\u00bb _builder_version=\u00bb3.0.101&#8243;][et_pb_column type=\u00bb4_4&#8243; _builder_version=\u00bb3.0.101&#8243; parallax=\u00bboff\u00bb parallax_method=\u00bbon\u00bb][et_pb_text _builder_version=\u00bb3.0.101&#8243;]<\/p>\n<h1 style=\"text-align: center;\"><strong>CERTIFICADOS<\/strong><\/h1>\n<p>[\/et_pb_text][\/et_pb_column][\/et_pb_row][et_pb_row _builder_version=\u00bb3.0.101&#8243;][et_pb_column type=\u00bb1_3&#8243; _builder_version=\u00bb3.0.101&#8243; parallax=\u00bboff\u00bb parallax_method=\u00bbon\u00bb][et_pb_image src=\u00bbhttps:\/\/cedecon.ec\/es\/wp-content\/uploads\/2023\/07\/Certificado-OCC-scaled.jpg\u00bb _builder_version=\u00bb3.0.101&#8243;][\/et_pb_image][\/et_pb_column][et_pb_column type=\u00bb1_3&#8243; _builder_version=\u00bb3.0.101&#8243; parallax=\u00bboff\u00bb parallax_method=\u00bbon\u00bb][et_pb_image src=\u00bbhttps:\/\/cedecon.ec\/es\/wp-content\/uploads\/2023\/07\/CP-Partner.png\u00bb _builder_version=\u00bb3.0.101&#8243;][\/et_pb_image][\/et_pb_column][et_pb_column type=\u00bb1_3&#8243; _builder_version=\u00bb3.0.101&#8243; parallax=\u00bboff\u00bb parallax_method=\u00bbon\u00bb][et_pb_image src=\u00bbhttps:\/\/cedecon.ec\/es\/wp-content\/uploads\/2023\/07\/Certificado-OEC-scaled.jpg\u00bb _builder_version=\u00bb3.0.101&#8243;][\/et_pb_image][\/et_pb_column][\/et_pb_row][\/et_pb_section][et_pb_section fb_built=\u00bb1&#8243; fullwidth=\u00bbon\u00bb _builder_version=\u00bb3.0.101&#8243;][et_pb_fullwidth_header background_layout=\u00bbdark\u00bb background_overlay_color=\u00bbrgba(123,69,145,0.61)\u00bb _builder_version=\u00bb3.0.101&#8243; background_image=\u00bbhttps:\/\/cedecon.ec\/es\/wp-content\/uploads\/2021\/01\/consulting-4405260_1920.jpg\u00bb]<\/p>\n<h1 style=\"text-align: center;\"><strong><\/strong><\/h1>\n<h1 style=\"text-align: center;\"><\/h1>\n<h1 style=\"text-align: center;\"><strong><\/strong><\/h1>\n<h1 style=\"text-align: center;\"><strong><\/strong><\/h1>\n<h1 style=\"text-align: center;\"><strong>MISI\u00d3N<\/strong><\/h1>\n<p><strong><\/strong><\/p>\n<p><strong><\/strong><\/p>\n<p><strong><\/strong><\/p>\n<p><strong><\/strong><\/p>\n<p><strong><\/strong><\/p>\n<p><strong><\/strong><\/p>\n<p><strong><\/strong><\/p>\n<p><strong><\/strong><\/p>\n<p style=\"text-align: center;\">Dinamizar la econom\u00eda del Pa\u00eds, gestionando la cualificaci\u00f3n profesional con efectividad, responsabilidad, transparencia y credibilidad, promoviendo el desarrollo de competencias laborales a trav\u00e9s de la capacitaci\u00f3n continua y el desarrollo de competencias profesionales del talento humano.<\/p>\n<p>\u00a0<\/p>\n<h1 style=\"text-align: center;\"><strong>VISI\u00d3N<\/strong><\/h1>\n<p><strong><\/strong><\/p>\n<p><strong><\/strong><\/p>\n<p><strong><\/strong><\/p>\n<p><strong><\/strong><\/p>\n<p style=\"text-align: center;\">La misi\u00f3n de una empresa es una herramienta estrat\u00e9gica que sintetiza el prop\u00f3sito de una empresa. Es el objetivo o la propuesta que sirve a la sociedad, as\u00ed como la base del plan de negocios y de las estrategias operativas. Generalmente incluye una descripci\u00f3n general de la organizaci\u00f3n, su funci\u00f3n y objetivos.<\/p>\n<p>[\/et_pb_fullwidth_header][\/et_pb_section][et_pb_section fb_built=\u00bb1&#8243; _builder_version=\u00bb3.0.101&#8243; custom_padding=\u00bb54px|0px|50px|0px\u00bb top_divider_style=\u00bbarrow3&#8243; top_divider_color=\u00bb#783892&#8243;][et_pb_row _builder_version=\u00bb3.0.101&#8243;][et_pb_column type=\u00bb4_4&#8243; _builder_version=\u00bb3.0.101&#8243; parallax=\u00bboff\u00bb parallax_method=\u00bbon\u00bb][et_pb_image src=\u00bbhttps:\/\/cedecon.ec\/es\/wp-content\/uploads\/2021\/01\/organigrama.jpg\u00bb _builder_version=\u00bb3.0.101&#8243;][\/et_pb_image][\/et_pb_column][\/et_pb_row][\/et_pb_section][et_pb_section fb_built=\u00bb1&#8243; fullwidth=\u00bbon\u00bb _builder_version=\u00bb3.0.101&#8243; bottom_divider_style=\u00bbcurve2&#8243; bottom_divider_color=\u00bb#783892&#8243;][\/et_pb_section]<\/p>\n","protected":false},"excerpt":{"rendered":"<p>[et_pb_section fb_built=\u00bb1&#8243; fullwidth=\u00bbon\u00bb _builder_version=\u00bb3.0.101&#8243; bottom_divider_style=\u00bbramp2&#8243; bottom_divider_color=\u00bb#04f5ff\u00bb][et_pb_fullwidth_header header_fullscreen=\u00bbon\u00bb _builder_version=\u00bb3.0.101&#8243; title_font=\u00bb|600|||||||\u00bb title_text_align=\u00bbright\u00bb title_font_size=\u00bb40px\u00bb title_text_color=\u00bb#ffffff\u00bb title_text_shadow_style=\u00bbpreset1&#8243; background_image=\u00bbhttps:\/\/cedecon.ec\/es\/wp-content\/uploads\/2021\/01\/apple-1851464_1920.jpg\u00bb parallax=\u00bbon\u00bb][\/et_pb_fullwidth_header][\/et_pb_section][et_pb_section fb_built=\u00bb1&#8243; background_color=\u00bb#04f5ff\u00bb _builder_version=\u00bb3.0.101&#8243;][et_pb_row custom_padding=\u00bb0px|0px|0px|0px\u00bb _builder_version=\u00bb3.0.101&#8243;][et_pb_column type=\u00bb4_4&#8243; _builder_version=\u00bb3.0.101&#8243; parallax=\u00bboff\u00bb parallax_method=\u00bbon\u00bb][et_pb_text _builder_version=\u00bb3.0.101&#8243;] \u00bfQuienes somos? [\/et_pb_text][\/et_pb_column][\/et_pb_row][\/et_pb_section][et_pb_section fb_built=\u00bb1&#8243; background_color=\u00bb#04f5ff\u00bb _builder_version=\u00bb3.0.101&#8243; custom_padding=\u00bb54px|0px|25px|0px\u00bb][et_pb_row _builder_version=\u00bb3.0.101&#8243;][et_pb_column type=\u00bb4_4&#8243; _builder_version=\u00bb3.0.101&#8243; parallax=\u00bboff\u00bb parallax_method=\u00bbon\u00bb][et_pb_text _builder_version=\u00bb3.0.101&#8243; text_font=\u00bb||||||||\u00bb text_text_color=\u00bb#000000&#8243; header_font=\u00bb||||||||\u00bb] DESCRIPCI\u00d3N DE LA EMPRESA CEDECON EC es una organizaci\u00f3n que tiene por objetivo brindar [&hellip;]<\/p>\n","protected":false},"author":2,"featured_media":0,"parent":0,"menu_order":0,"comment_status":"closed","ping_status":"closed","template":"","meta":{"footnotes":""},"class_list":["post-6","page","type-page","status-publish","hentry"],"_links":{"self":[{"href":"https:\/\/cedecon.ec\/es\/wp-json\/wp\/v2\/pages\/6","targetHints":{"allow":["GET"]}}],"collection":[{"href":"https:\/\/cedecon.ec\/es\/wp-json\/wp\/v2\/pages"}],"about":[{"href":"https:\/\/cedecon.ec\/es\/wp-json\/wp\/v2\/types\/page"}],"author":[{"embeddable":true,"href":"https:\/\/cedecon.ec\/es\/wp-json\/wp\/v2\/users\/2"}],"replies":[{"embeddable":true,"href":"https:\/\/cedecon.ec\/es\/wp-json\/wp\/v2\/comments?post=6"}],"version-history":[{"count":35,"href":"https:\/\/cedecon.ec\/es\/wp-json\/wp\/v2\/pages\/6\/revisions"}],"predecessor-version":[{"id":486,"href":"https:\/\/cedecon.ec\/es\/wp-json\/wp\/v2\/pages\/6\/revisions\/486"}],"wp:attachment":[{"href":"https:\/\/cedecon.ec\/es\/wp-json\/wp\/v2\/media?parent=6"}],"curies":[{"name":"wp","href":"https:\/\/api.w.org\/{rel}","templated":true}]}}